{"id":4175,"date":"2024-07-10T21:27:35","date_gmt":"2024-07-10T21:27:35","guid":{"rendered":"https:\/\/www.cmbeb5visa.com\/inicio-de-sesion-para-compartir-archivos\/"},"modified":"2024-07-23T13:54:51","modified_gmt":"2024-07-23T13:54:51","slug":"inicio-de-sesion-para-compartir-archivos","status":"publish","type":"page","link":"https:\/\/www.cmbeb5visa.com\/es\/inicio-de-sesion-para-compartir-archivos\/","title":{"rendered":"Inicio de sesi\u00f3n para compartir archivos"},"content":{"rendered":"\n[et_pb_section fb_built=\u00bb1&#8243; _builder_version=\u00bb4.21.0&#8243; _module_preset=\u00bbdefault\u00bb locked=\u00bboff\u00bb global_colors_info=\u00bb{}\u00bb module_class=\u00bbpage-main-title\u00bb background_color=\u00bb#0d1d41&#8243;][et_pb_row _builder_version=\u00bb4.21.0&#8243; _module_preset=\u00bbdefault\u00bb global_colors_info=\u00bb{}\u00bb][et_pb_column type=\u00bb4_4&#8243; _builder_version=\u00bb4.21.0&#8243; _module_preset=\u00bbdefault\u00bb global_colors_info=\u00bb{}\u00bb][et_pb_text _builder_version=\u00bb4.21.0&#8243; _module_preset=\u00bbdefault\u00bb header_font=\u00bb|700|||||||\u00bb header_text_color=\u00bb#ffffff\u00bb header_font_size=\u00bb60px\u00bb header_2_text_color=\u00bb#ffffff\u00bb header_2_font_size=\u00bb60px\u00bb global_colors_info=\u00bb{}\u00bb header_2_font_size_tablet=\u00bb40px\u00bb header_2_font_size_phone=\u00bb26px\u00bb header_2_font_size_last_edited=\u00bbon|phone\u00bb]<h2 style=\"text-align: center;\">Inicio de sesi\u00f3n en CMB File Share<\/h2>[\/et_pb_text][\/et_pb_column][\/et_pb_row][\/et_pb_section][et_pb_section fb_built=\u00bb1&#8243; _builder_version=\u00bb4.21.0&#8243; _module_preset=\u00bbdefault\u00bb hover_enabled=\u00bb0&#8243; global_colors_info=\u00bb{}\u00bb custom_padding_last_edited=\u00bbon|phone\u00bb sticky_enabled=\u00bb0&#8243; custom_padding_tablet=\u00bb0px||0px||false|false\u00bb custom_padding_phone=\u00bb0px||0px||false|false\u00bb][et_pb_row _builder_version=\u00bb4.21.0&#8243; _module_preset=\u00bbdefault\u00bb locked=\u00bboff\u00bb global_colors_info=\u00bb{}\u00bb][et_pb_column type=\u00bb4_4&#8243; _builder_version=\u00bb4.21.0&#8243; _module_preset=\u00bbdefault\u00bb global_colors_info=\u00bb{}\u00bb][et_pb_text module_class=\u00bbintro-section\u00bb _builder_version=\u00bb4.21.0&#8243; _module_preset=\u00bbdefault\u00bb text_font=\u00bbMontserrat||||||||\u00bb text_font_size=\u00bb15px\u00bb header_font=\u00bb|600|||||||\u00bb header_text_color=\u00bb#1a387b\u00bb header_font_size=\u00bb40px\u00bb custom_margin=\u00bb||||false|false\u00bb hover_enabled=\u00bb0&#8243; locked=\u00bboff\u00bb global_colors_info=\u00bb{}\u00bb header_font_size_last_edited=\u00bbon|phone\u00bb sticky_enabled=\u00bb0&#8243; header_font_size_tablet=\u00bb32px\u00bb header_font_size_phone=\u00bb26px\u00bb]<h1 style=\"text-align: center;\">Selecciona una opci\u00f3n de inicio de sesi\u00f3n<\/h1>[\/et_pb_text][\/et_pb_column][\/et_pb_row][et_pb_row column_structure=\u00bb1_2,1_2&#8243; _builder_version=\u00bb4.21.0&#8243; _module_preset=\u00bbdefault\u00bb global_colors_info=\u00bb{}\u00bb][et_pb_column type=\u00bb1_2&#8243; _builder_version=\u00bb4.21.0&#8243; _module_preset=\u00bbdefault\u00bb global_colors_info=\u00bb{}\u00bb][et_pb_text _builder_version=\u00bb4.21.0&#8243; _module_preset=\u00bbdefault\u00bb header_3_font=\u00bb|700|||||||\u00bb header_3_font_size=\u00bb35px\u00bb hover_enabled=\u00bb0&#8243; global_colors_info=\u00bb{}\u00bb header_3_font_size_last_edited=\u00bbon|phone\u00bb sticky_enabled=\u00bb0&#8243; header_3_font_size_tablet=\u00bb28px\u00bb header_3_font_size_phone=\u00bb22px\u00bb]<h3>Sharefile de Citrix<\/h3>[\/et_pb_text][et_pb_button button_url=\u00bbhttps:\/\/cmbeb5visa.sharefile.com\/\u00bb url_new_window=\u00bbon\u00bb button_text=\u00bbIniciar sesi\u00f3n en Sharefile\u00bb button_alignment=\u00bbcenter\u00bb module_class=\u00bbtab-rs\u00bb _builder_version=\u00bb4.21.0&#8243; _module_preset=\u00bbdefault\u00bb custom_button=\u00bbon\u00bb button_use_icon=\u00bboff\u00bb global_colors_info=\u00bb{}\u00bb][\/et_pb_button][\/et_pb_column][et_pb_column type=\u00bb1_2&#8243; _builder_version=\u00bb4.21.0&#8243; _module_preset=\u00bbdefault\u00bb global_colors_info=\u00bb{}\u00bb][et_pb_text _builder_version=\u00bb4.21.0&#8243; _module_preset=\u00bbdefault\u00bb locked=\u00bboff\u00bb global_colors_info=\u00bb{}\u00bb header_3_font=\u00bb|700|||||||\u00bb header_3_font_size=\u00bb35px\u00bb header_3_font_size_tablet=\u00bb28px\u00bb header_3_font_size_phone=\u00bb22px\u00bb header_3_font_size_last_edited=\u00bbon|phone\u00bb]<h3>CMB Fileshare<\/h3>[\/et_pb_text][et_pb_code _builder_version=\u00bb4.21.0&#8243; _module_preset=\u00bbdefault\u00bb global_colors_info=\u00bb{}\u00bb]<div class=\"cmb-file-shair\"><!-- [et_pb_line_break_holder] -->  <h4><!-- [et_pb_line_break_holder] -->  Direcci\u00f3n de correo electr\u00f3nico<!-- [et_pb_line_break_holder] -->  <\/h4><!-- [et_pb_line_break_holder] -->  <input name=\"email\" class=\"styles_formInput \" value=\"\" style=\"max-width:9999px\"><!-- [et_pb_line_break_holder] --><button class=\"submit-button\"><!-- [et_pb_line_break_holder] -->  Env\u00edame un correo electr\u00f3nico de inicio de sesi\u00f3n<!-- [et_pb_line_break_holder] -->  <\/button><!-- [et_pb_line_break_holder] --><\/div>[\/et_pb_code][\/et_pb_column][\/et_pb_row][\/et_pb_section]\n","protected":false},"excerpt":{"rendered":"<p>Inicio de sesi\u00f3n en CMB File ShareSelecciona una opci\u00f3n de inicio de sesi\u00f3nSharefile de CitrixCMB Fileshare<\/p>\n","protected":false},"author":1,"featured_media":0,"parent":0,"menu_order":0,"comment_status":"closed","ping_status":"closed","template":"","meta":{"_et_pb_use_builder":"on","_et_pb_old_content":"","_et_gb_content_width":"","footnotes":""},"yoast_head":"<!-- This site is optimized with the Yoast SEO plugin v23.0 - https:\/\/yoast.com\/wordpress\/plugins\/seo\/ -->\n<title>CMB EB-5 - Selecciona una opci\u00f3n de inicio de sesi\u00f3n<\/title>\n<meta name=\"robots\" content=\"index, follow, max-snippet:-1, max-image-preview:large, max-video-preview:-1\" \/>\n<link rel=\"canonical\" href=\"https:\/\/www.cmbeb5visa.com\/es\/inicio-de-sesion-para-compartir-archivos\/\" \/>\n<meta property=\"og:locale\" content=\"es_ES\" \/>\n<meta property=\"og:type\" content=\"article\" \/>\n<meta property=\"og:title\" content=\"CMB EB-5 - Selecciona una opci\u00f3n de inicio de sesi\u00f3n\" \/>\n<meta property=\"og:description\" content=\"Inicio de sesi\u00f3n en CMB File ShareSelecciona una opci\u00f3n de inicio de sesi\u00f3nSharefile de CitrixCMB Fileshare\" \/>\n<meta property=\"og:url\" content=\"https:\/\/www.cmbeb5visa.com\/es\/inicio-de-sesion-para-compartir-archivos\/\" \/>\n<meta property=\"og:site_name\" content=\"CMB Regional Centers\" \/>\n<meta property=\"article:publisher\" content=\"https:\/\/www.facebook.com\/cmbeb5visa\/\" \/>\n<meta property=\"article:modified_time\" content=\"2024-07-23T13:54:51+00:00\" \/>\n<meta property=\"og:image\" content=\"https:\/\/www.cmbeb5visa.com\/wp-content\/uploads\/2024\/06\/main-logo.png\" \/>\n\t<meta property=\"og:image:width\" content=\"521\" \/>\n\t<meta property=\"og:image:height\" content=\"512\" \/>\n\t<meta property=\"og:image:type\" content=\"image\/png\" \/>\n<meta name=\"twitter:card\" content=\"summary_large_image\" \/>\n<meta name=\"twitter:site\" content=\"@cmbexport\" \/>\n<meta name=\"twitter:label1\" content=\"Est. reading time\" \/>\n\t<meta name=\"twitter:data1\" content=\"2 minutos\" \/>\n<script type=\"application\/ld+json\" class=\"yoast-schema-graph\">{\"@context\":\"https:\/\/schema.org\",\"@graph\":[{\"@type\":\"WebPage\",\"@id\":\"https:\/\/www.cmbeb5visa.com\/es\/inicio-de-sesion-para-compartir-archivos\/\",\"url\":\"https:\/\/www.cmbeb5visa.com\/es\/inicio-de-sesion-para-compartir-archivos\/\",\"name\":\"CMB EB-5 - Selecciona una opci\u00f3n de inicio de sesi\u00f3n\",\"isPartOf\":{\"@id\":\"https:\/\/www.cmbeb5visa.com\/es\/#website\"},\"datePublished\":\"2024-07-10T21:27:35+00:00\",\"dateModified\":\"2024-07-23T13:54:51+00:00\",\"breadcrumb\":{\"@id\":\"https:\/\/www.cmbeb5visa.com\/es\/inicio-de-sesion-para-compartir-archivos\/#breadcrumb\"},\"inLanguage\":\"es\",\"potentialAction\":[{\"@type\":\"ReadAction\",\"target\":[\"https:\/\/www.cmbeb5visa.com\/es\/inicio-de-sesion-para-compartir-archivos\/\"]}]},{\"@type\":\"BreadcrumbList\",\"@id\":\"https:\/\/www.cmbeb5visa.com\/es\/inicio-de-sesion-para-compartir-archivos\/#breadcrumb\",\"itemListElement\":[{\"@type\":\"ListItem\",\"position\":1,\"name\":\"Home\",\"item\":\"https:\/\/www.cmbeb5visa.com\/es\/home\/\"},{\"@type\":\"ListItem\",\"position\":2,\"name\":\"Inicio de sesi\u00f3n para compartir archivos\"}]},{\"@type\":\"WebSite\",\"@id\":\"https:\/\/www.cmbeb5visa.com\/es\/#website\",\"url\":\"https:\/\/www.cmbeb5visa.com\/es\/\",\"name\":\"CMB Regional Centers\",\"description\":\"CMB EB-5 Visa offers EB-5 projects to help investors secure their visa in the USA. Contact us today to get started or for more information.\",\"alternateName\":\"CMB EB-5 Visa\",\"potentialAction\":[{\"@type\":\"SearchAction\",\"target\":{\"@type\":\"EntryPoint\",\"urlTemplate\":\"https:\/\/www.cmbeb5visa.com\/es\/?s={search_term_string}\"},\"query-input\":\"required name=search_term_string\"}],\"inLanguage\":\"es\"}]}<\/script>\n<!-- \/ Yoast SEO plugin. -->","yoast_head_json":{"title":"CMB EB-5 - Selecciona una opci\u00f3n de inicio de sesi\u00f3n","robots":{"index":"index","follow":"follow","max-snippet":"max-snippet:-1","max-image-preview":"max-image-preview:large","max-video-preview":"max-video-preview:-1"},"canonical":"https:\/\/www.cmbeb5visa.com\/es\/inicio-de-sesion-para-compartir-archivos\/","og_locale":"es_ES","og_type":"article","og_title":"CMB EB-5 - Selecciona una opci\u00f3n de inicio de sesi\u00f3n","og_description":"Inicio de sesi\u00f3n en CMB File ShareSelecciona una opci\u00f3n de inicio de sesi\u00f3nSharefile de CitrixCMB Fileshare","og_url":"https:\/\/www.cmbeb5visa.com\/es\/inicio-de-sesion-para-compartir-archivos\/","og_site_name":"CMB Regional Centers","article_publisher":"https:\/\/www.facebook.com\/cmbeb5visa\/","article_modified_time":"2024-07-23T13:54:51+00:00","og_image":[{"width":521,"height":512,"url":"https:\/\/www.cmbeb5visa.com\/wp-content\/uploads\/2024\/06\/main-logo.png","type":"image\/png"}],"twitter_card":"summary_large_image","twitter_site":"@cmbexport","twitter_misc":{"Est. reading time":"2 minutos"},"schema":{"@context":"https:\/\/schema.org","@graph":[{"@type":"WebPage","@id":"https:\/\/www.cmbeb5visa.com\/es\/inicio-de-sesion-para-compartir-archivos\/","url":"https:\/\/www.cmbeb5visa.com\/es\/inicio-de-sesion-para-compartir-archivos\/","name":"CMB EB-5 - Selecciona una opci\u00f3n de inicio de sesi\u00f3n","isPartOf":{"@id":"https:\/\/www.cmbeb5visa.com\/es\/#website"},"datePublished":"2024-07-10T21:27:35+00:00","dateModified":"2024-07-23T13:54:51+00:00","breadcrumb":{"@id":"https:\/\/www.cmbeb5visa.com\/es\/inicio-de-sesion-para-compartir-archivos\/#breadcrumb"},"inLanguage":"es","potentialAction":[{"@type":"ReadAction","target":["https:\/\/www.cmbeb5visa.com\/es\/inicio-de-sesion-para-compartir-archivos\/"]}]},{"@type":"BreadcrumbList","@id":"https:\/\/www.cmbeb5visa.com\/es\/inicio-de-sesion-para-compartir-archivos\/#breadcrumb","itemListElement":[{"@type":"ListItem","position":1,"name":"Home","item":"https:\/\/www.cmbeb5visa.com\/es\/home\/"},{"@type":"ListItem","position":2,"name":"Inicio de sesi\u00f3n para compartir archivos"}]},{"@type":"WebSite","@id":"https:\/\/www.cmbeb5visa.com\/es\/#website","url":"https:\/\/www.cmbeb5visa.com\/es\/","name":"CMB Regional Centers","description":"CMB EB-5 Visa offers EB-5 projects to help investors secure their visa in the USA. Contact us today to get started or for more information.","alternateName":"CMB EB-5 Visa","potentialAction":[{"@type":"SearchAction","target":{"@type":"EntryPoint","urlTemplate":"https:\/\/www.cmbeb5visa.com\/es\/?s={search_term_string}"},"query-input":"required name=search_term_string"}],"inLanguage":"es"}]}},"_links":{"self":[{"href":"https:\/\/www.cmbeb5visa.com\/es\/wp-json\/wp\/v2\/pages\/4175"}],"collection":[{"href":"https:\/\/www.cmbeb5visa.com\/es\/wp-json\/wp\/v2\/pages"}],"about":[{"href":"https:\/\/www.cmbeb5visa.com\/es\/wp-json\/wp\/v2\/types\/page"}],"author":[{"embeddable":true,"href":"https:\/\/www.cmbeb5visa.com\/es\/wp-json\/wp\/v2\/users\/1"}],"replies":[{"embeddable":true,"href":"https:\/\/www.cmbeb5visa.com\/es\/wp-json\/wp\/v2\/comments?post=4175"}],"version-history":[{"count":1,"href":"https:\/\/www.cmbeb5visa.com\/es\/wp-json\/wp\/v2\/pages\/4175\/revisions"}],"predecessor-version":[{"id":4176,"href":"https:\/\/www.cmbeb5visa.com\/es\/wp-json\/wp\/v2\/pages\/4175\/revisions\/4176"}],"wp:attachment":[{"href":"https:\/\/www.cmbeb5visa.com\/es\/wp-json\/wp\/v2\/media?parent=4175"}],"curies":[{"name":"wp","href":"https:\/\/api.w.org\/{rel}","templated":true}]}}