{"id":4179,"date":"2024-07-10T21:27:35","date_gmt":"2024-07-10T21:27:35","guid":{"rendered":"https:\/\/www.cmbeb5visa.com\/login-de-compartilhamento-de-arquivos\/"},"modified":"2024-07-23T13:54:51","modified_gmt":"2024-07-23T13:54:51","slug":"login-de-compartilhamento-de-arquivos","status":"publish","type":"page","link":"https:\/\/www.cmbeb5visa.com\/pt-br\/login-de-compartilhamento-de-arquivos\/","title":{"rendered":"Login de compartilhamento de arquivos"},"content":{"rendered":"\n[et_pb_section fb_built=&#8221;1&#8243; _builder_version=&#8221;4.21.0&#8243; _module_preset=&#8221;default&#8221; locked=&#8221;off&#8221; global_colors_info=&#8221;{}&#8221; module_class=&#8221;page-main-title&#8221; background_color=&#8221;#0d1d41&#8243;][et_pb_row _builder_version=&#8221;4.21.0&#8243; _module_preset=&#8221;default&#8221; global_colors_info=&#8221;{}&#8221;][et_pb_column type=&#8221;4_4&#8243; _builder_version=&#8221;4.21.0&#8243; _module_preset=&#8221;default&#8221; global_colors_info=&#8221;{}&#8221;][et_pb_text _builder_version=&#8221;4.21.0&#8243; _module_preset=&#8221;default&#8221; header_font=&#8221;|700|||||||&#8221; header_text_color=&#8221;#ffffff&#8221; header_font_size=&#8221;60px&#8221; header_2_text_color=&#8221;#ffffff&#8221; header_2_font_size=&#8221;60px&#8221; global_colors_info=&#8221;{}&#8221; header_2_font_size_tablet=&#8221;40px&#8221; header_2_font_size_phone=&#8221;26px&#8221; header_2_font_size_last_edited=&#8221;on|phone&#8221;]<h2 style=\"text-align: center;\">Login do CMB File Share<\/h2>[\/et_pb_text][\/et_pb_column][\/et_pb_row][\/et_pb_section][et_pb_section fb_built=&#8221;1&#8243; _builder_version=&#8221;4.21.0&#8243; _module_preset=&#8221;default&#8221; hover_enabled=&#8221;0&#8243; global_colors_info=&#8221;{}&#8221; custom_padding_last_edited=&#8221;on|phone&#8221; sticky_enabled=&#8221;0&#8243; custom_padding_tablet=&#8221;0px||0px||false|false&#8221; custom_padding_phone=&#8221;0px||0px||false|false&#8221;][et_pb_row _builder_version=&#8221;4.21.0&#8243; _module_preset=&#8221;default&#8221; locked=&#8221;off&#8221; global_colors_info=&#8221;{}&#8221;][et_pb_column type=&#8221;4_4&#8243; _builder_version=&#8221;4.21.0&#8243; _module_preset=&#8221;default&#8221; global_colors_info=&#8221;{}&#8221;][et_pb_text module_class=&#8221;intro-section&#8221; _builder_version=&#8221;4.21.0&#8243; _module_preset=&#8221;default&#8221; text_font=&#8221;Montserrat||||||||&#8221; text_font_size=&#8221;15px&#8221; header_font=&#8221;|600|||||||&#8221; header_text_color=&#8221;#1a387b&#8221; header_font_size=&#8221;40px&#8221; custom_margin=&#8221;||||false|false&#8221; hover_enabled=&#8221;0&#8243; locked=&#8221;off&#8221; global_colors_info=&#8221;{}&#8221; header_font_size_last_edited=&#8221;on|phone&#8221; sticky_enabled=&#8221;0&#8243; header_font_size_tablet=&#8221;32px&#8221; header_font_size_phone=&#8221;26px&#8221;]<h1 style=\"text-align: center;\">Selecione uma op\u00e7\u00e3o de login<\/h1>[\/et_pb_text][\/et_pb_column][\/et_pb_row][et_pb_row column_structure=&#8221;1_2,1_2&#8243; _builder_version=&#8221;4.21.0&#8243; _module_preset=&#8221;default&#8221; global_colors_info=&#8221;{}&#8221;][et_pb_column type=&#8221;1_2&#8243; _builder_version=&#8221;4.21.0&#8243; _module_preset=&#8221;default&#8221; global_colors_info=&#8221;{}&#8221;][et_pb_text _builder_version=&#8221;4.21.0&#8243; _module_preset=&#8221;default&#8221; header_3_font=&#8221;|700|||||||&#8221; header_3_font_size=&#8221;35px&#8221; hover_enabled=&#8221;0&#8243; global_colors_info=&#8221;{}&#8221; header_3_font_size_last_edited=&#8221;on|phone&#8221; sticky_enabled=&#8221;0&#8243; header_3_font_size_tablet=&#8221;28px&#8221; header_3_font_size_phone=&#8221;22px&#8221;]<h3>Citrix Sharefile<\/h3>[\/et_pb_text][et_pb_button button_url=&#8221;https:\/\/cmbeb5visa.sharefile.com\/&#8221; url_new_window=&#8221;on&#8221; button_text=&#8221;Fa\u00e7a login no Sharefile&#8221; button_alignment=&#8221;center&#8221; module_class=&#8221;tab-rs&#8221; _builder_version=&#8221;4.21.0&#8243; _module_preset=&#8221;default&#8221; custom_button=&#8221;on&#8221; button_use_icon=&#8221;off&#8221; global_colors_info=&#8221;{}&#8221;][\/et_pb_button][\/et_pb_column][et_pb_column type=&#8221;1_2&#8243; _builder_version=&#8221;4.21.0&#8243; _module_preset=&#8221;default&#8221; global_colors_info=&#8221;{}&#8221;][et_pb_text _builder_version=&#8221;4.21.0&#8243; _module_preset=&#8221;default&#8221; locked=&#8221;off&#8221; global_colors_info=&#8221;{}&#8221; header_3_font=&#8221;|700|||||||&#8221; header_3_font_size=&#8221;35px&#8221; header_3_font_size_tablet=&#8221;28px&#8221; header_3_font_size_phone=&#8221;22px&#8221; header_3_font_size_last_edited=&#8221;on|phone&#8221;]<h3>CMB Fileshare<\/h3>[\/et_pb_text][et_pb_code _builder_version=&#8221;4.21.0&#8243; _module_preset=&#8221;default&#8221; global_colors_info=&#8221;{}&#8221;]<div class=\"cmb-file-shair\"><!-- [et_pb_line_break_holder] -->  <h4><!-- [et_pb_line_break_holder] -->  Endere\u00e7o de e-mail<!-- [et_pb_line_break_holder] -->  <\/h4><!-- [et_pb_line_break_holder] -->  <input name=\"email\" class=\"styles_formInput \" value=\"\" style=\"max-width:9999px\"><!-- [et_pb_line_break_holder] --><button class=\"submit-button\"><!-- [et_pb_line_break_holder] -->  Envie-me um e-mail de login<!-- [et_pb_line_break_holder] -->  <\/button><!-- [et_pb_line_break_holder] --><\/div>[\/et_pb_code][\/et_pb_column][\/et_pb_row][\/et_pb_section]\n","protected":false},"excerpt":{"rendered":"<p>Login do CMB File ShareSelecione uma op\u00e7\u00e3o de loginCitrix SharefileCMB Fileshare<\/p>\n","protected":false},"author":1,"featured_media":0,"parent":0,"menu_order":0,"comment_status":"closed","ping_status":"closed","template":"","meta":{"_et_pb_use_builder":"on","_et_pb_old_content":"","_et_gb_content_width":"","footnotes":""},"yoast_head":"<!-- This site is optimized with the Yoast SEO plugin v23.0 - https:\/\/yoast.com\/wordpress\/plugins\/seo\/ -->\n<title>CMB EB-5 - Selecione uma op\u00e7\u00e3o de login<\/title>\n<meta name=\"robots\" content=\"index, follow, max-snippet:-1, max-image-preview:large, max-video-preview:-1\" \/>\n<link rel=\"canonical\" href=\"https:\/\/www.cmbeb5visa.com\/pt-br\/login-de-compartilhamento-de-arquivos\/\" \/>\n<meta property=\"og:locale\" content=\"pt_BR\" \/>\n<meta property=\"og:type\" content=\"article\" \/>\n<meta property=\"og:title\" content=\"CMB EB-5 - Selecione uma op\u00e7\u00e3o de login\" \/>\n<meta property=\"og:description\" content=\"Login do CMB File ShareSelecione uma op\u00e7\u00e3o de loginCitrix SharefileCMB Fileshare\" \/>\n<meta property=\"og:url\" content=\"https:\/\/www.cmbeb5visa.com\/pt-br\/login-de-compartilhamento-de-arquivos\/\" \/>\n<meta property=\"og:site_name\" content=\"CMB Regional Centers\" \/>\n<meta property=\"article:publisher\" content=\"https:\/\/www.facebook.com\/cmbeb5visa\/\" \/>\n<meta property=\"article:modified_time\" content=\"2024-07-23T13:54:51+00:00\" \/>\n<meta property=\"og:image\" content=\"https:\/\/www.cmbeb5visa.com\/wp-content\/uploads\/2024\/06\/main-logo.png\" \/>\n\t<meta property=\"og:image:width\" content=\"521\" \/>\n\t<meta property=\"og:image:height\" content=\"512\" \/>\n\t<meta property=\"og:image:type\" content=\"image\/png\" \/>\n<meta name=\"twitter:card\" content=\"summary_large_image\" \/>\n<meta name=\"twitter:site\" content=\"@cmbexport\" \/>\n<meta name=\"twitter:label1\" content=\"Est. reading time\" \/>\n\t<meta name=\"twitter:data1\" content=\"2 minutos\" \/>\n<script type=\"application\/ld+json\" class=\"yoast-schema-graph\">{\"@context\":\"https:\/\/schema.org\",\"@graph\":[{\"@type\":\"WebPage\",\"@id\":\"https:\/\/www.cmbeb5visa.com\/pt-br\/login-de-compartilhamento-de-arquivos\/\",\"url\":\"https:\/\/www.cmbeb5visa.com\/pt-br\/login-de-compartilhamento-de-arquivos\/\",\"name\":\"CMB EB-5 - Selecione uma op\u00e7\u00e3o de login\",\"isPartOf\":{\"@id\":\"https:\/\/www.cmbeb5visa.com\/pt-br\/#website\"},\"datePublished\":\"2024-07-10T21:27:35+00:00\",\"dateModified\":\"2024-07-23T13:54:51+00:00\",\"breadcrumb\":{\"@id\":\"https:\/\/www.cmbeb5visa.com\/pt-br\/login-de-compartilhamento-de-arquivos\/#breadcrumb\"},\"inLanguage\":\"pt-BR\",\"potentialAction\":[{\"@type\":\"ReadAction\",\"target\":[\"https:\/\/www.cmbeb5visa.com\/pt-br\/login-de-compartilhamento-de-arquivos\/\"]}]},{\"@type\":\"BreadcrumbList\",\"@id\":\"https:\/\/www.cmbeb5visa.com\/pt-br\/login-de-compartilhamento-de-arquivos\/#breadcrumb\",\"itemListElement\":[{\"@type\":\"ListItem\",\"position\":1,\"name\":\"Home\",\"item\":\"https:\/\/www.cmbeb5visa.com\/pt-br\/home\/\"},{\"@type\":\"ListItem\",\"position\":2,\"name\":\"Login de compartilhamento de arquivos\"}]},{\"@type\":\"WebSite\",\"@id\":\"https:\/\/www.cmbeb5visa.com\/pt-br\/#website\",\"url\":\"https:\/\/www.cmbeb5visa.com\/pt-br\/\",\"name\":\"CMB Regional Centers\",\"description\":\"CMB EB-5 Visa offers EB-5 projects to help investors secure their visa in the USA. Contact us today to get started or for more information.\",\"alternateName\":\"CMB EB-5 Visa\",\"potentialAction\":[{\"@type\":\"SearchAction\",\"target\":{\"@type\":\"EntryPoint\",\"urlTemplate\":\"https:\/\/www.cmbeb5visa.com\/pt-br\/?s={search_term_string}\"},\"query-input\":\"required name=search_term_string\"}],\"inLanguage\":\"pt-BR\"}]}<\/script>\n<!-- \/ Yoast SEO plugin. -->","yoast_head_json":{"title":"CMB EB-5 - Selecione uma op\u00e7\u00e3o de login","robots":{"index":"index","follow":"follow","max-snippet":"max-snippet:-1","max-image-preview":"max-image-preview:large","max-video-preview":"max-video-preview:-1"},"canonical":"https:\/\/www.cmbeb5visa.com\/pt-br\/login-de-compartilhamento-de-arquivos\/","og_locale":"pt_BR","og_type":"article","og_title":"CMB EB-5 - Selecione uma op\u00e7\u00e3o de login","og_description":"Login do CMB File ShareSelecione uma op\u00e7\u00e3o de loginCitrix SharefileCMB Fileshare","og_url":"https:\/\/www.cmbeb5visa.com\/pt-br\/login-de-compartilhamento-de-arquivos\/","og_site_name":"CMB Regional Centers","article_publisher":"https:\/\/www.facebook.com\/cmbeb5visa\/","article_modified_time":"2024-07-23T13:54:51+00:00","og_image":[{"width":521,"height":512,"url":"https:\/\/www.cmbeb5visa.com\/wp-content\/uploads\/2024\/06\/main-logo.png","type":"image\/png"}],"twitter_card":"summary_large_image","twitter_site":"@cmbexport","twitter_misc":{"Est. reading time":"2 minutos"},"schema":{"@context":"https:\/\/schema.org","@graph":[{"@type":"WebPage","@id":"https:\/\/www.cmbeb5visa.com\/pt-br\/login-de-compartilhamento-de-arquivos\/","url":"https:\/\/www.cmbeb5visa.com\/pt-br\/login-de-compartilhamento-de-arquivos\/","name":"CMB EB-5 - Selecione uma op\u00e7\u00e3o de login","isPartOf":{"@id":"https:\/\/www.cmbeb5visa.com\/pt-br\/#website"},"datePublished":"2024-07-10T21:27:35+00:00","dateModified":"2024-07-23T13:54:51+00:00","breadcrumb":{"@id":"https:\/\/www.cmbeb5visa.com\/pt-br\/login-de-compartilhamento-de-arquivos\/#breadcrumb"},"inLanguage":"pt-BR","potentialAction":[{"@type":"ReadAction","target":["https:\/\/www.cmbeb5visa.com\/pt-br\/login-de-compartilhamento-de-arquivos\/"]}]},{"@type":"BreadcrumbList","@id":"https:\/\/www.cmbeb5visa.com\/pt-br\/login-de-compartilhamento-de-arquivos\/#breadcrumb","itemListElement":[{"@type":"ListItem","position":1,"name":"Home","item":"https:\/\/www.cmbeb5visa.com\/pt-br\/home\/"},{"@type":"ListItem","position":2,"name":"Login de compartilhamento de arquivos"}]},{"@type":"WebSite","@id":"https:\/\/www.cmbeb5visa.com\/pt-br\/#website","url":"https:\/\/www.cmbeb5visa.com\/pt-br\/","name":"CMB Regional Centers","description":"CMB EB-5 Visa offers EB-5 projects to help investors secure their visa in the USA. Contact us today to get started or for more information.","alternateName":"CMB EB-5 Visa","potentialAction":[{"@type":"SearchAction","target":{"@type":"EntryPoint","urlTemplate":"https:\/\/www.cmbeb5visa.com\/pt-br\/?s={search_term_string}"},"query-input":"required name=search_term_string"}],"inLanguage":"pt-BR"}]}},"_links":{"self":[{"href":"https:\/\/www.cmbeb5visa.com\/pt-br\/wp-json\/wp\/v2\/pages\/4179"}],"collection":[{"href":"https:\/\/www.cmbeb5visa.com\/pt-br\/wp-json\/wp\/v2\/pages"}],"about":[{"href":"https:\/\/www.cmbeb5visa.com\/pt-br\/wp-json\/wp\/v2\/types\/page"}],"author":[{"embeddable":true,"href":"https:\/\/www.cmbeb5visa.com\/pt-br\/wp-json\/wp\/v2\/users\/1"}],"replies":[{"embeddable":true,"href":"https:\/\/www.cmbeb5visa.com\/pt-br\/wp-json\/wp\/v2\/comments?post=4179"}],"version-history":[{"count":1,"href":"https:\/\/www.cmbeb5visa.com\/pt-br\/wp-json\/wp\/v2\/pages\/4179\/revisions"}],"predecessor-version":[{"id":4180,"href":"https:\/\/www.cmbeb5visa.com\/pt-br\/wp-json\/wp\/v2\/pages\/4179\/revisions\/4180"}],"wp:attachment":[{"href":"https:\/\/www.cmbeb5visa.com\/pt-br\/wp-json\/wp\/v2\/media?parent=4179"}],"curies":[{"name":"wp","href":"https:\/\/api.w.org\/{rel}","templated":true}]}}